{"id":2196,"date":"2025-03-11T08:33:43","date_gmt":"2025-03-11T08:33:43","guid":{"rendered":"https:\/\/www.lerelais-delasansfond.com\/?page_id=2196"},"modified":"2025-09-15T11:28:40","modified_gmt":"2025-09-15T11:28:40","slug":"hotel","status":"publish","type":"page","link":"https:\/\/www.lerelais-delasansfond.com\/en\/hotel\/","title":{"rendered":"H\u00f4tel"},"content":{"rendered":"<div data-elementor-type=\"wp-page\" data-elementor-id=\"2196\" class=\"elementor elementor-2196\">\n\t\t\t\t\t\t<section class=\"elementor-section elementor-top-section elementor-element elementor-element-af4b86b elementor-section-height-min-height elementor-section-boxed elementor-section-height-default elementor-section-items-middle wpr-particle-no wpr-jarallax-no wpr-parallax-no wpr-sticky-section-no\" data-id=\"af4b86b\" data-element_type=\"section\" data-e-type=\"section\" data-settings=\"{&quot;background_background&quot;:&quot;classic&quot;}\">\n\t\t\t\t\t\t\t<div class=\"elementor-background-overlay\"><\/div>\n\t\t\t\t\t\t\t<div class=\"elementor-container elementor-column-gap-default\">\n\t\t\t\t\t<div class=\"elementor-column elementor-col-100 elementor-top-column elementor-element elementor-element-797f7bc\" data-id=\"797f7bc\" data-element_type=\"column\" data-e-type=\"column\">\n\t\t\t<div class=\"elementor-widget-wrap elementor-element-populated\">\n\t\t\t\t\t\t<div class=\"elementor-element elementor-element-ebff336 elementor-widget elementor-widget-heading\" data-id=\"ebff336\" data-element_type=\"widget\" data-e-type=\"widget\" data-widget_type=\"heading.default\">\n\t\t\t\t<div class=\"elementor-widget-container\">\n\t\t\t\t\t<h1 class=\"elementor-heading-title elementor-size-default\">H\u00f4tel<\/h1>\t\t\t\t<\/div>\n\t\t\t\t<\/div>\n\t\t\t\t<div class=\"elementor-element elementor-element-9d5bd8a elementor-align-center elementor-widget elementor-widget-button\" data-id=\"9d5bd8a\" data-element_type=\"widget\" data-e-type=\"widget\" data-widget_type=\"button.default\">\n\t\t\t\t<div class=\"elementor-widget-container\">\n\t\t\t\t\t\t\t\t\t<div class=\"elementor-button-wrapper\">\n\t\t\t\t\t<a class=\"elementor-button elementor-button-link elementor-size-sm\" href=\"https:\/\/www.secure-direct-hotel-booking.com\/module_booking_engine\/index.php?id_etab=ee27c5eda123ac94ceda93bd1f509985&amp;langue=anglais\" target=\"_blank\" rel=\"noopener\">\n\t\t\t\t\t\t<span class=\"elementor-button-content-wrapper\">\n\t\t\t\t\t\t\t\t\t<span class=\"elementor-button-text\">I reserve<\/span>\n\t\t\t\t\t<\/span>\n\t\t\t\t\t<\/a>\n\t\t\t\t<\/div>\n\t\t\t\t\t\t\t\t<\/div>\n\t\t\t\t<\/div>\n\t\t\t\t\t<\/div>\n\t\t<\/div>\n\t\t\t\t\t<\/div>\n\t\t<\/section>\n\t\t\t\t<section class=\"elementor-section elementor-top-section elementor-element elementor-element-5020f90 elementor-section-boxed elementor-section-height-default elementor-section-height-default wpr-particle-no wpr-jarallax-no wpr-parallax-no wpr-sticky-section-no\" data-id=\"5020f90\" data-element_type=\"section\" data-e-type=\"section\">\n\t\t\t\t\t\t<div class=\"elementor-container elementor-column-gap-default\">\n\t\t\t\t\t<div class=\"elementor-column elementor-col-50 elementor-top-column elementor-element elementor-element-308d38e\" data-id=\"308d38e\" data-element_type=\"column\" data-e-type=\"column\">\n\t\t\t<div class=\"elementor-widget-wrap elementor-element-populated\">\n\t\t\t\t\t\t<div class=\"elementor-element elementor-element-88fdf24 elementor-invisible elementor-widget elementor-widget-heading\" data-id=\"88fdf24\" data-element_type=\"widget\" data-e-type=\"widget\" data-settings=\"{&quot;_animation&quot;:&quot;slideInLeft&quot;,&quot;_animation_delay&quot;:100}\" data-widget_type=\"heading.default\">\n\t\t\t\t<div class=\"elementor-widget-container\">\n\t\t\t\t\t<h2 class=\"elementor-heading-title elementor-size-default\">Hotel in F\u00e9nay, Dijon Sout<\/h2>\t\t\t\t<\/div>\n\t\t\t\t<\/div>\n\t\t\t\t<div class=\"elementor-element elementor-element-21a1306 elementor-widget-divider--view-line elementor-invisible elementor-widget elementor-widget-divider\" data-id=\"21a1306\" data-element_type=\"widget\" data-e-type=\"widget\" data-settings=\"{&quot;_animation&quot;:&quot;slideInLeft&quot;,&quot;_animation_delay&quot;:200}\" data-widget_type=\"divider.default\">\n\t\t\t\t<div class=\"elementor-widget-container\">\n\t\t\t\t\t\t\t<div class=\"elementor-divider\">\n\t\t\t<span class=\"elementor-divider-separator\">\n\t\t\t\t\t\t<\/span>\n\t\t<\/div>\n\t\t\t\t\t\t<\/div>\n\t\t\t\t<\/div>\n\t\t\t\t<div class=\"elementor-element elementor-element-3807c52 elementor-invisible elementor-widget elementor-widget-text-editor\" data-id=\"3807c52\" data-element_type=\"widget\" data-e-type=\"widget\" data-settings=\"{&quot;_animation&quot;:&quot;slideInLeft&quot;,&quot;_animation_delay&quot;:300}\" data-widget_type=\"text-editor.default\">\n\t\t\t\t<div class=\"elementor-widget-container\">\n\t\t\t\t\t\t\t\t\t<p><span style=\"font-weight: 400;\">Bienvenue \u00e0 l\u2019H\u00f4tel 3 \u00e9toiles Le Relais de la Sans Fond, situ\u00e9 \u00e0 F\u00e9nay, au sud de Dijon, en C\u00f4te d\u2019Or, Bourgogne. Notre \u00e9tablissement met \u00e0 votre disposition 17 chambres modernes et confortables, parfaites pour des s\u00e9jours touristiques ou professionnels. Profitez de notre cadre paisible et de notre accueil chaleureux pour un s\u00e9jour inoubliable.<\/span><\/p>\t\t\t\t\t\t\t\t<\/div>\n\t\t\t\t<\/div>\n\t\t\t\t\t<\/div>\n\t\t<\/div>\n\t\t\t\t<div class=\"elementor-column elementor-col-50 elementor-top-column elementor-element elementor-element-cc457f7\" data-id=\"cc457f7\" data-element_type=\"column\" data-e-type=\"column\">\n\t\t\t<div class=\"elementor-widget-wrap elementor-element-populated\">\n\t\t\t\t\t\t<div class=\"elementor-element elementor-element-e3c64f7 elementor-invisible elementor-widget elementor-widget-image\" data-id=\"e3c64f7\" data-element_type=\"widget\" data-e-type=\"widget\" data-settings=\"{&quot;_animation&quot;:&quot;slideInRight&quot;}\" data-widget_type=\"image.default\">\n\t\t\t\t<div class=\"elementor-widget-container\">\n\t\t\t\t\t\t\t\t\t\t\t\t\t\t\t<img fetchpriority=\"high\" decoding=\"async\" width=\"800\" height=\"600\" src=\"https:\/\/www.lerelais-delasansfond.com\/wp-content\/uploads\/2025\/02\/img_1_htl.png\" class=\"attachment-large size-large wp-image-2108\" alt=\"\" srcset=\"https:\/\/www.lerelais-delasansfond.com\/wp-content\/uploads\/2025\/02\/img_1_htl.png 800w, https:\/\/www.lerelais-delasansfond.com\/wp-content\/uploads\/2025\/02\/img_1_htl-300x225.png 300w, https:\/\/www.lerelais-delasansfond.com\/wp-content\/uploads\/2025\/02\/img_1_htl-768x576.png 768w\" sizes=\"(max-width: 800px) 100vw, 800px\" \/>\t\t\t\t\t\t\t\t\t\t\t\t\t\t\t<\/div>\n\t\t\t\t<\/div>\n\t\t\t\t\t<\/div>\n\t\t<\/div>\n\t\t\t\t\t<\/div>\n\t\t<\/section>\n\t\t\t\t<section class=\"elementor-section elementor-top-section elementor-element elementor-element-111c7fd elementor-section-boxed elementor-section-height-default elementor-section-height-default wpr-particle-no wpr-jarallax-no wpr-parallax-no wpr-sticky-section-no\" data-id=\"111c7fd\" data-element_type=\"section\" data-e-type=\"section\" data-settings=\"{&quot;background_background&quot;:&quot;classic&quot;}\">\n\t\t\t\t\t\t<div class=\"elementor-container elementor-column-gap-default\">\n\t\t\t\t\t<div class=\"elementor-column elementor-col-50 elementor-top-column elementor-element elementor-element-1141844\" data-id=\"1141844\" data-element_type=\"column\" data-e-type=\"column\">\n\t\t\t<div class=\"elementor-widget-wrap elementor-element-populated\">\n\t\t\t\t\t\t<div class=\"elementor-element elementor-element-a71f4c7 elementor-invisible elementor-widget elementor-widget-image\" data-id=\"a71f4c7\" data-element_type=\"widget\" data-e-type=\"widget\" data-settings=\"{&quot;_animation&quot;:&quot;slideInRight&quot;}\" data-widget_type=\"image.default\">\n\t\t\t\t<div class=\"elementor-widget-container\">\n\t\t\t\t\t\t\t\t\t\t\t\t\t\t\t<img decoding=\"async\" width=\"960\" height=\"720\" src=\"https:\/\/www.lerelais-delasansfond.com\/wp-content\/uploads\/2025\/09\/IMG_3178-1024x768.jpg\" class=\"attachment-large size-large wp-image-2742\" alt=\"\" srcset=\"https:\/\/www.lerelais-delasansfond.com\/wp-content\/uploads\/2025\/09\/IMG_3178-1024x768.jpg 1024w, https:\/\/www.lerelais-delasansfond.com\/wp-content\/uploads\/2025\/09\/IMG_3178-300x225.jpg 300w, https:\/\/www.lerelais-delasansfond.com\/wp-content\/uploads\/2025\/09\/IMG_3178-768x576.jpg 768w, https:\/\/www.lerelais-delasansfond.com\/wp-content\/uploads\/2025\/09\/IMG_3178-1536x1152.jpg 1536w, https:\/\/www.lerelais-delasansfond.com\/wp-content\/uploads\/2025\/09\/IMG_3178-2048x1536.jpg 2048w, https:\/\/www.lerelais-delasansfond.com\/wp-content\/uploads\/2025\/09\/IMG_3178-16x12.jpg 16w\" sizes=\"(max-width: 960px) 100vw, 960px\" \/>\t\t\t\t\t\t\t\t\t\t\t\t\t\t\t<\/div>\n\t\t\t\t<\/div>\n\t\t\t\t\t<\/div>\n\t\t<\/div>\n\t\t\t\t<div class=\"elementor-column elementor-col-50 elementor-top-column elementor-element elementor-element-eca7d6d\" data-id=\"eca7d6d\" data-element_type=\"column\" data-e-type=\"column\">\n\t\t\t<div class=\"elementor-widget-wrap elementor-element-populated\">\n\t\t\t\t\t\t<div class=\"elementor-element elementor-element-f8fef84 elementor-widget elementor-widget-heading\" data-id=\"f8fef84\" data-element_type=\"widget\" data-e-type=\"widget\" data-widget_type=\"heading.default\">\n\t\t\t\t<div class=\"elementor-widget-container\">\n\t\t\t\t\t<h2 class=\"elementor-heading-title elementor-size-default\">Comfort and Services<\/h2>\t\t\t\t<\/div>\n\t\t\t\t<\/div>\n\t\t\t\t<div class=\"elementor-element elementor-element-efb307f elementor-widget-divider--view-line elementor-invisible elementor-widget elementor-widget-divider\" data-id=\"efb307f\" data-element_type=\"widget\" data-e-type=\"widget\" data-settings=\"{&quot;_animation&quot;:&quot;slideInLeft&quot;,&quot;_animation_delay&quot;:200}\" data-widget_type=\"divider.default\">\n\t\t\t\t<div class=\"elementor-widget-container\">\n\t\t\t\t\t\t\t<div class=\"elementor-divider\">\n\t\t\t<span class=\"elementor-divider-separator\">\n\t\t\t\t\t\t<\/span>\n\t\t<\/div>\n\t\t\t\t\t\t<\/div>\n\t\t\t\t<\/div>\n\t\t\t\t<div class=\"elementor-element elementor-element-3b7aaa5 elementor-widget elementor-widget-text-editor\" data-id=\"3b7aaa5\" data-element_type=\"widget\" data-e-type=\"widget\" data-widget_type=\"text-editor.default\">\n\t\t\t\t<div class=\"elementor-widget-container\">\n\t\t\t\t\t\t\t\t\t<p><span style=\"font-weight: 400;\">Profitez de nos chambres \u00e9quip\u00e9es de tout le n\u00e9cessaire pour un s\u00e9jour agr\u00e9able : climatisation, minibar, Wi-Fi gratuit, TV \u00e9cran plat et bien plus encore.<\/span><\/p><p><span style=\"font-weight: 400;\">Vous pourrez profiter sur demande d\u2019un petit d\u00e9jeuner servi au restaurant ou en chambre sur demande. Des lits b\u00e9b\u00e9 sont disponibles sur demande. Un grand parking gratuit est \u00e0 la disposition de notre client\u00e8le. Nos amis les animaux de compagnie sont les bienvenus.<\/span><\/p>\t\t\t\t\t\t\t\t<\/div>\n\t\t\t\t<\/div>\n\t\t\t\t\t<\/div>\n\t\t<\/div>\n\t\t\t\t\t<\/div>\n\t\t<\/section>\n\t\t\t\t<section class=\"elementor-section elementor-top-section elementor-element elementor-element-bc548e5 elementor-section-boxed elementor-section-height-default elementor-section-height-default wpr-particle-no wpr-jarallax-no wpr-parallax-no wpr-sticky-section-no\" data-id=\"bc548e5\" data-element_type=\"section\" data-e-type=\"section\">\n\t\t\t\t\t\t<div class=\"elementor-container elementor-column-gap-default\">\n\t\t\t\t\t<div class=\"elementor-column elementor-col-50 elementor-top-column elementor-element elementor-element-88893d5\" data-id=\"88893d5\" data-element_type=\"column\" data-e-type=\"column\">\n\t\t\t<div class=\"elementor-widget-wrap elementor-element-populated\">\n\t\t\t\t\t\t<div class=\"elementor-element elementor-element-2842d63 elementor-invisible elementor-widget elementor-widget-heading\" data-id=\"2842d63\" data-element_type=\"widget\" data-e-type=\"widget\" data-settings=\"{&quot;_animation&quot;:&quot;slideInLeft&quot;,&quot;_animation_delay&quot;:100}\" data-widget_type=\"heading.default\">\n\t\t\t\t<div class=\"elementor-widget-container\">\n\t\t\t\t\t<h2 class=\"elementor-heading-title elementor-size-default\">Relaxation and Leisure<\/h2>\t\t\t\t<\/div>\n\t\t\t\t<\/div>\n\t\t\t\t<div class=\"elementor-element elementor-element-d97e5ef elementor-widget-divider--view-line elementor-invisible elementor-widget elementor-widget-divider\" data-id=\"d97e5ef\" data-element_type=\"widget\" data-e-type=\"widget\" data-settings=\"{&quot;_animation&quot;:&quot;slideInLeft&quot;,&quot;_animation_delay&quot;:200}\" data-widget_type=\"divider.default\">\n\t\t\t\t<div class=\"elementor-widget-container\">\n\t\t\t\t\t\t\t<div class=\"elementor-divider\">\n\t\t\t<span class=\"elementor-divider-separator\">\n\t\t\t\t\t\t<\/span>\n\t\t<\/div>\n\t\t\t\t\t\t<\/div>\n\t\t\t\t<\/div>\n\t\t\t\t<div class=\"elementor-element elementor-element-23ee39a elementor-invisible elementor-widget elementor-widget-text-editor\" data-id=\"23ee39a\" data-element_type=\"widget\" data-e-type=\"widget\" data-settings=\"{&quot;_animation&quot;:&quot;slideInLeft&quot;,&quot;_animation_delay&quot;:300}\" data-widget_type=\"text-editor.default\">\n\t\t\t\t<div class=\"elementor-widget-container\">\n\t\t\t\t\t\t\t\t\t<p><span style=\"font-weight: 400;\">Notre h\u00f4tel-restaurant vous offre une vari\u00e9t\u00e9 de loisirs et de d\u00e9tente, que ce soit pour vos vacances ou lors d\u2019un d\u00e9placement professionnel. Profitez de notre piscine chauff\u00e9e pour un moment de relaxation, ou d\u00e9tendez-vous sur notre terrasse ensoleill\u00e9e, id\u00e9ale pour savourer un moment de tranquillit\u00e9. Le jardin, calme et verdoyant, invite \u00e0 la d\u00e9tente. Un v\u00e9ritable havre de paix pour recharger vos batteries.\u00a0<\/span><\/p>\t\t\t\t\t\t\t\t<\/div>\n\t\t\t\t<\/div>\n\t\t\t\t\t<\/div>\n\t\t<\/div>\n\t\t\t\t<div class=\"elementor-column elementor-col-50 elementor-top-column elementor-element elementor-element-20e0f16\" data-id=\"20e0f16\" data-element_type=\"column\" data-e-type=\"column\">\n\t\t\t<div class=\"elementor-widget-wrap elementor-element-populated\">\n\t\t\t\t\t\t<div class=\"elementor-element elementor-element-f00dfcc elementor-invisible elementor-widget elementor-widget-image\" data-id=\"f00dfcc\" data-element_type=\"widget\" data-e-type=\"widget\" data-settings=\"{&quot;_animation&quot;:&quot;slideInRight&quot;}\" data-widget_type=\"image.default\">\n\t\t\t\t<div class=\"elementor-widget-container\">\n\t\t\t\t\t\t\t\t\t\t\t\t\t\t\t<img decoding=\"async\" width=\"960\" height=\"720\" src=\"https:\/\/www.lerelais-delasansfond.com\/wp-content\/uploads\/2025\/02\/img_3_htl-1024x768.jpg\" class=\"attachment-large size-large wp-image-2129\" alt=\"\" srcset=\"https:\/\/www.lerelais-delasansfond.com\/wp-content\/uploads\/2025\/02\/img_3_htl-1024x768.jpg 1024w, https:\/\/www.lerelais-delasansfond.com\/wp-content\/uploads\/2025\/02\/img_3_htl-300x225.jpg 300w, https:\/\/www.lerelais-delasansfond.com\/wp-content\/uploads\/2025\/02\/img_3_htl-768x576.jpg 768w, https:\/\/www.lerelais-delasansfond.com\/wp-content\/uploads\/2025\/02\/img_3_htl.jpg 1200w\" sizes=\"(max-width: 960px) 100vw, 960px\" \/>\t\t\t\t\t\t\t\t\t\t\t\t\t\t\t<\/div>\n\t\t\t\t<\/div>\n\t\t\t\t\t<\/div>\n\t\t<\/div>\n\t\t\t\t\t<\/div>\n\t\t<\/section>\n\t\t\t\t<section class=\"elementor-section elementor-top-section elementor-element elementor-element-e0506ff elementor-section-height-min-height elementor-section-boxed elementor-section-height-default elementor-section-items-middle wpr-particle-no wpr-jarallax-no wpr-parallax-no wpr-sticky-section-no\" data-id=\"e0506ff\" data-element_type=\"section\" data-e-type=\"section\" data-settings=\"{&quot;background_background&quot;:&quot;classic&quot;}\">\n\t\t\t\t\t\t\t<div class=\"elementor-background-overlay\"><\/div>\n\t\t\t\t\t\t\t<div class=\"elementor-container elementor-column-gap-default\">\n\t\t\t\t\t<div class=\"elementor-column elementor-col-100 elementor-top-column elementor-element elementor-element-a00e30b elementor-invisible\" data-id=\"a00e30b\" data-element_type=\"column\" data-e-type=\"column\" data-settings=\"{&quot;animation&quot;:&quot;fadeIn&quot;}\">\n\t\t\t<div class=\"elementor-widget-wrap elementor-element-populated\">\n\t\t\t\t\t\t<div class=\"elementor-element elementor-element-9a1fc9b elementor-widget elementor-widget-heading\" data-id=\"9a1fc9b\" data-element_type=\"widget\" data-e-type=\"widget\" data-widget_type=\"heading.default\">\n\t\t\t\t<div class=\"elementor-widget-container\">\n\t\t\t\t\t<h2 class=\"elementor-heading-title elementor-size-default\">Tourism in the Surrounding Area<\/h2>\t\t\t\t<\/div>\n\t\t\t\t<\/div>\n\t\t\t\t<div class=\"elementor-element elementor-element-00cff47 elementor-widget elementor-widget-text-editor\" data-id=\"00cff47\" data-element_type=\"widget\" data-e-type=\"widget\" data-widget_type=\"text-editor.default\">\n\t\t\t\t<div class=\"elementor-widget-container\">\n\t\t\t\t\t\t\t\t\t<p><span style=\"font-weight: 400;\">Vous n\u2019aurez aucune difficult\u00e9 \u00e0 trouver une activit\u00e9 \u00e0 proximit\u00e9 de notre H\u00f4tel-Restaurant. Nous vous proposons un large choix d\u2019id\u00e9es pour vous divertir dans notre belle r\u00e9gion.<\/span><\/p>\t\t\t\t\t\t\t\t<\/div>\n\t\t\t\t<\/div>\n\t\t\t\t<div class=\"elementor-element elementor-element-4cce061 elementor-align-center elementor-widget elementor-widget-button\" data-id=\"4cce061\" data-element_type=\"widget\" data-e-type=\"widget\" data-widget_type=\"button.default\">\n\t\t\t\t<div class=\"elementor-widget-container\">\n\t\t\t\t\t\t\t\t\t<div class=\"elementor-button-wrapper\">\n\t\t\t\t\t<a class=\"elementor-button elementor-button-link elementor-size-sm\" href=\"https:\/\/www.lerelais-delasansfond.com\/en\/tourisme-local\/\">\n\t\t\t\t\t\t<span class=\"elementor-button-content-wrapper\">\n\t\t\t\t\t\t\t\t\t<span class=\"elementor-button-text\">Cliquez ici<\/span>\n\t\t\t\t\t<\/span>\n\t\t\t\t\t<\/a>\n\t\t\t\t<\/div>\n\t\t\t\t\t\t\t\t<\/div>\n\t\t\t\t<\/div>\n\t\t\t\t<div class=\"elementor-element elementor-element-fc0d42c elementor-widget-divider--view-line elementor-widget elementor-widget-divider\" data-id=\"fc0d42c\" data-element_type=\"widget\" data-e-type=\"widget\" data-widget_type=\"divider.default\">\n\t\t\t\t<div class=\"elementor-widget-container\">\n\t\t\t\t\t\t\t<div class=\"elementor-divider\">\n\t\t\t<span class=\"elementor-divider-separator\">\n\t\t\t\t\t\t<\/span>\n\t\t<\/div>\n\t\t\t\t\t\t<\/div>\n\t\t\t\t<\/div>\n\t\t\t\t\t<\/div>\n\t\t<\/div>\n\t\t\t\t\t<\/div>\n\t\t<\/section>\n\t\t\t\t<\/div>","protected":false},"excerpt":{"rendered":"<p>H\u00f4tel Je r\u00e9serve H\u00f4tel \u00e0 F\u00e9nay, Dijon Sud Bienvenue \u00e0 l\u2019H\u00f4tel 3 \u00e9toiles Le Relais de la Sans Fond, situ\u00e9 \u00e0 F\u00e9nay, au sud de Dijon, en C\u00f4te d\u2019Or, Bourgogne. Notre \u00e9tablissement met \u00e0 votre disposition 17 chambres modernes et confortables, parfaites pour des s\u00e9jours touristiques ou professionnels. Profitez de notre cadre paisible et de notre accueil chaleureux pour un s\u00e9jour inoubliable. Confort et Services Profitez de nos chambres \u00e9quip\u00e9es de tout le n\u00e9cessaire pour un s\u00e9jour agr\u00e9able : climatisation, minibar, Wi-Fi gratuit, TV \u00e9cran plat et bien plus encore. Vous pourrez profiter sur demande d\u2019un petit d\u00e9jeuner servi au restaurant ou en chambre sur demande. Des lits b\u00e9b\u00e9 sont disponibles sur demande. Un grand parking gratuit est \u00e0 la disposition de notre client\u00e8le. Nos amis les animaux de compagnie sont les bienvenus. D\u00e9tente et Loisirs Notre h\u00f4tel-restaurant vous offre une vari\u00e9t\u00e9 de loisirs et de d\u00e9tente, que ce soit pour vos vacances ou lors d\u2019un d\u00e9placement professionnel. Profitez de notre piscine chauff\u00e9e pour un moment de relaxation, ou d\u00e9tendez-vous sur notre terrasse ensoleill\u00e9e, id\u00e9ale pour savourer un moment de tranquillit\u00e9. Le jardin, calme et verdoyant, invite \u00e0 la d\u00e9tente. Un v\u00e9ritable havre de paix pour recharger vos batteries.\u00a0 Tourisme dans les Environs Vous n\u2019aurez aucune difficult\u00e9 \u00e0 trouver une activit\u00e9 \u00e0 proximit\u00e9 de notre H\u00f4tel-Restaurant. Nous vous proposons un large choix d\u2019id\u00e9es pour vous divertir dans notre belle r\u00e9gion. Cliquez ici<\/p>","protected":false},"author":5,"featured_media":0,"parent":0,"menu_order":0,"comment_status":"closed","ping_status":"closed","template":"elementor_canvas","meta":{"footnotes":""},"class_list":["post-2196","page","type-page","status-publish","hentry"],"_links":{"self":[{"href":"https:\/\/www.lerelais-delasansfond.com\/en\/wp-json\/wp\/v2\/pages\/2196","targetHints":{"allow":["GET"]}}],"collection":[{"href":"https:\/\/www.lerelais-delasansfond.com\/en\/wp-json\/wp\/v2\/pages"}],"about":[{"href":"https:\/\/www.lerelais-delasansfond.com\/en\/wp-json\/wp\/v2\/types\/page"}],"author":[{"embeddable":true,"href":"https:\/\/www.lerelais-delasansfond.com\/en\/wp-json\/wp\/v2\/users\/5"}],"replies":[{"embeddable":true,"href":"https:\/\/www.lerelais-delasansfond.com\/en\/wp-json\/wp\/v2\/comments?post=2196"}],"version-history":[{"count":21,"href":"https:\/\/www.lerelais-delasansfond.com\/en\/wp-json\/wp\/v2\/pages\/2196\/revisions"}],"predecessor-version":[{"id":2745,"href":"https:\/\/www.lerelais-delasansfond.com\/en\/wp-json\/wp\/v2\/pages\/2196\/revisions\/2745"}],"wp:attachment":[{"href":"https:\/\/www.lerelais-delasansfond.com\/en\/wp-json\/wp\/v2\/media?parent=2196"}],"curies":[{"name":"wp","href":"https:\/\/api.w.org\/{rel}","templated":true}]}}